{"id":124,"date":"2025-10-20T10:48:44","date_gmt":"2025-10-20T10:48:44","guid":{"rendered":"https:\/\/tornados.fi\/?page_id=124"},"modified":"2026-03-06T10:32:11","modified_gmt":"2026-03-06T08:32:11","slug":"yhteystiedot","status":"publish","type":"page","link":"https:\/\/tornados.fi\/en\/yhteystiedot\/","title":{"rendered":"Contact information"},"content":{"rendered":"<p>[et_pb_section fb_built=&#8221;1&#8243; admin_label=&#8221;Projektimajoitusbanner&#8221; _builder_version=&#8221;4.27.4&#8243; _module_preset=&#8221;default&#8221; background_image=&#8221;https:\/\/tornados.fi\/wp-content\/uploads\/2025\/08\/Tornados_Kalustetut-asunnot-1.jpeg&#8221; parallax=&#8221;on&#8221; width=&#8221;94%&#8221; width_tablet=&#8221;80%&#8221; width_phone=&#8221;97%&#8221; width_last_edited=&#8221;on|desktop&#8221; max_width=&#8221;2000px&#8221; module_alignment=&#8221;center&#8221; custom_margin=&#8221;-9px||15px||false|false&#8221; custom_margin_tablet=&#8221;&#8221; custom_margin_phone=&#8221;10px||15px||false|false&#8221; custom_margin_last_edited=&#8221;on|phone&#8221; custom_padding=&#8221;2vw|0px|2vw||false|false&#8221; border_radii=&#8221;on|10px|10px|10px|10px&#8221; collapsed=&#8221;on&#8221; global_colors_info=&#8221;{}&#8221;][et_pb_row column_structure=&#8221;1_4,1_2,1_4&#8243; _builder_version=&#8221;4.27.5&#8243; _module_preset=&#8221;default&#8221; global_colors_info=&#8221;{}&#8221;][et_pb_column type=&#8221;1_4&#8243; _builder_version=&#8221;4.27.5&#8243; _module_preset=&#8221;default&#8221; global_colors_info=&#8221;{}&#8221;][\/et_pb_column][et_pb_column type=&#8221;1_2&#8243; _builder_version=&#8221;4.27.5&#8243; _module_preset=&#8221;default&#8221; background_color=&#8221;#FFFFFF&#8221; custom_padding=&#8221;15px||15px||true|false&#8221; border_radii=&#8221;on|15px|15px|15px|15px&#8221; border_width_all=&#8221;2px&#8221; border_color_all=&#8221;#E87B17&#8243; global_colors_info=&#8221;{}&#8221;][et_pb_heading title=&#8221;Yhteystiedot&#8221; _builder_version=&#8221;4.27.5&#8243; _module_preset=&#8221;default&#8221; title_font=&#8221;Prata|700||on|||||&#8221; title_text_align=&#8221;center&#8221; title_text_color=&#8221;#454444&#8243; title_font_size=&#8221;32px&#8221; title_letter_spacing=&#8221;2px&#8221; custom_margin=&#8221;||-6px|||&#8221; custom_padding=&#8221;10px||||false|false&#8221; custom_padding_tablet=&#8221;10px||||false|false&#8221; custom_padding_phone=&#8221;10px||||false|false&#8221; custom_padding_last_edited=&#8221;on|desktop&#8221; title_font_size_tablet=&#8221;35px&#8221; title_font_size_phone=&#8221;28px&#8221; title_font_size_last_edited=&#8221;on|desktop&#8221; global_colors_info=&#8221;{}&#8221;][\/et_pb_heading][et_pb_divider color=&#8221;#E87B17&#8243; divider_position=&#8221;center&#8221; divider_weight=&#8221;2px&#8221; _builder_version=&#8221;4.27.4&#8243; _module_preset=&#8221;default&#8221; transform_scale=&#8221;54%|54%&#8221; max_width=&#8221;100%&#8221; module_alignment=&#8221;center&#8221; global_colors_info=&#8221;{}&#8221;][\/et_pb_divider][\/et_pb_column][et_pb_column type=&#8221;1_4&#8243; _builder_version=&#8221;4.27.5&#8243; _module_preset=&#8221;default&#8221; global_colors_info=&#8221;{}&#8221;][\/et_pb_column][\/et_pb_row][et_pb_row column_structure=&#8221;3_5,2_5&#8243; _builder_version=&#8221;4.27.5&#8243; _module_preset=&#8221;default&#8221; background_color=&#8221;#FFFFFF&#8221; custom_margin=&#8221;18px|auto||auto||&#8221; custom_padding=&#8221;19px|20px|19px|20px|true|true&#8221; border_radii=&#8221;on|20px|20px|20px|20px&#8221; border_width_all=&#8221;2px&#8221; border_color_all=&#8221;#FFFFFF&#8221; global_colors_info=&#8221;{}&#8221;][et_pb_column type=&#8221;3_5&#8243; _builder_version=&#8221;4.27.4&#8243; _module_preset=&#8221;default&#8221; global_colors_info=&#8221;{}&#8221;][et_pb_image src=&#8221;https:\/\/tornados.fi\/wp-content\/uploads\/2025\/10\/tornados_musta-300&#215;74.png&#8221; alt=&#8221;Tornados Oy-logo&#8221; title_text=&#8221;tornados_musta&#8221; align=&#8221;center&#8221; _builder_version=&#8221;4.27.4&#8243; _module_preset=&#8221;default&#8221; global_colors_info=&#8221;{}&#8221;][\/et_pb_image][et_pb_text _builder_version=&#8221;4.27.5&#8243; _module_preset=&#8221;default&#8221; text_font=&#8221;||||||||&#8221; text_text_color=&#8221;#454444&#8243; text_font_size=&#8221;16px&#8221; text_letter_spacing=&#8221;3px&#8221; header_text_color=&#8221;#454444&#8243; custom_margin=&#8221;10px|0px|10px|0px|true|true&#8221; custom_margin_tablet=&#8221;&#8221; custom_margin_phone=&#8221;||0px||false|false&#8221; custom_margin_last_edited=&#8221;on|phone&#8221; custom_padding=&#8221;15px|15px|15px|15px|false|true&#8221; custom_padding_tablet=&#8221;&#8221; custom_padding_phone=&#8221;0px||0px||false|false&#8221; custom_padding_last_edited=&#8221;on|phone&#8221; text_font_size_tablet=&#8221;&#8221; text_font_size_phone=&#8221;13px&#8221; text_font_size_last_edited=&#8221;on|phone&#8221; text_letter_spacing_tablet=&#8221;&#8221; text_letter_spacing_phone=&#8221;2px&#8221; text_letter_spacing_last_edited=&#8221;on|desktop&#8221; border_radii=&#8221;on|10px|10px|10px|10px&#8221; border_width_right=&#8221;2px&#8221; border_color_right=&#8221;#E87B17&#8243; border_width_left=&#8221;2px&#8221; border_color_left=&#8221;#E87B17&#8243; global_colors_info=&#8221;{}&#8221;]<\/p>\n<p>Tornados Oy<br \/>Business ID: 0707717-4<br \/>Address: PL 116, Varkaus Finland<\/p>\n<p>&nbsp;<\/p>\n<p><strong>Laskutustiedot:<\/strong><\/p>\n<h3><span style=\"font-size: 16px; color: #454444;\">Verkkolaskuosoite: 003707077174<br \/><\/span><span style=\"font-size: 16px; color: #454444;\">Operaattori\/v\u00e4litt\u00e4j\u00e4tunnus: Apix Messaging Oy<br \/>003723327487<\/span><\/h3>\n<p><span style=\"font-size: 16px;\"><\/span><\/p>\n<p><span style=\"font-size: 16px;\">Tornados Oy (Apix skannauspalvelu)<br \/><\/span><span style=\"font-size: 16px;\">PL 16112<br \/><\/span><span style=\"font-size: 16px;\">00021 LASKUTUS<\/span><\/p>\n<p>[\/et_pb_text][\/et_pb_column][et_pb_column type=&#8221;2_5&#8243; _builder_version=&#8221;4.27.5&#8243; _module_preset=&#8221;default&#8221; custom_padding=&#8221;10px|9px|10px|9px|true|true&#8221; border_radii=&#8221;on|15px|15px|15px|15px&#8221; border_width_right=&#8221;2px&#8221; border_color_right=&#8221;#E87B17&#8243; border_color_bottom=&#8221;RGBA(255,255,255,0)&#8221; border_width_left=&#8221;2px&#8221; border_color_left=&#8221;#E87B17&#8243; global_colors_info=&#8221;{}&#8221;][et_pb_image src=&#8221;https:\/\/tornados.fi\/wp-content\/uploads\/2025\/12\/Tornados-Oy_Tommi-Juutilainen.png&#8221; title_text=&#8221;Tornados Oy_Tommi Juutilainen&#8221; align=&#8221;center&#8221; _builder_version=&#8221;4.27.5&#8243; _module_preset=&#8221;default&#8221; width=&#8221;40%&#8221; max_width=&#8221;100%&#8221; module_alignment=&#8221;center&#8221; border_radii=&#8221;on|15px|15px|15px|15px&#8221; global_colors_info=&#8221;{}&#8221;][\/et_pb_image][et_pb_text _builder_version=&#8221;4.27.5&#8243; _module_preset=&#8221;default&#8221; text_font=&#8221;||||||||&#8221; text_text_color=&#8221;#454444&#8243; text_font_size=&#8221;16px&#8221; text_letter_spacing=&#8221;3px&#8221; link_text_color=&#8221;#E87B17&#8243; header_text_color=&#8221;#454444&#8243; custom_margin=&#8221;0px|0px|0px|0px|true|true&#8221; custom_margin_tablet=&#8221;&#8221; custom_margin_phone=&#8221;||0px||false|false&#8221; custom_margin_last_edited=&#8221;on|phone&#8221; custom_padding=&#8221;15px|15px|0px|15px|false|true&#8221; custom_padding_tablet=&#8221;&#8221; custom_padding_phone=&#8221;0px||0px||false|false&#8221; custom_padding_last_edited=&#8221;on|phone&#8221; hover_enabled=&#8221;0&#8243; text_font_size_tablet=&#8221;&#8221; text_font_size_phone=&#8221;13px&#8221; text_font_size_last_edited=&#8221;on|phone&#8221; text_letter_spacing_tablet=&#8221;&#8221; text_letter_spacing_phone=&#8221;2px&#8221; text_letter_spacing_last_edited=&#8221;on|desktop&#8221; link_font_size_tablet=&#8221;&#8221; link_font_size_phone=&#8221;10px&#8221; link_font_size_last_edited=&#8221;on|phone&#8221; border_color_all=&#8221;RGBA(255,255,255,0)&#8221; border_width_right=&#8221;2px&#8221; border_width_left=&#8221;2px&#8221; global_colors_info=&#8221;{}&#8221; sticky_enabled=&#8221;0&#8243;]<\/p>\n<p><strong>Tommi Juutilainen<\/strong><br \/>Phone: <a href=\"tel:+358%20400 174 754\">+358 400 174 754<\/a><br \/>Email: <a href=\"mailto:tommi.juutilainen@tornados.fi\">tommi.juutilainen(a)tornados.fi<\/a><\/p>\n<p><a href=\"https:\/\/www.linkedin.com\/in\/tommi-juutilainen-a32859113\/\" target=\"_blank\" rel=\"noopener\">LinkedIn<\/a><\/p>\n<p>&nbsp;<\/p>\n<p>[\/et_pb_text][\/et_pb_column][\/et_pb_row][\/et_pb_section]<\/p>","protected":false},"excerpt":{"rendered":"<p>Tornados OyY-tunnus: 0707717-4Osoite: PL 116, Varkaus &nbsp; Laskutustiedot: Verkkolaskuosoite: 003707077174Operaattori\/v\u00e4litt\u00e4j\u00e4tunnus: Apix Messaging Oy003723327487 Tornados Oy (Apix skannauspalvelu)PL 1611200021 LASKUTUSTommi JuutilainenPuhelin: +358 400 174 754S\u00e4hk\u00f6posti: tommi.juutilainen(a)tornados.fi LinkedIn &nbsp;<\/p>","protected":false},"author":2,"featured_media":0,"parent":0,"menu_order":0,"comment_status":"closed","ping_status":"closed","template":"","meta":{"_et_pb_use_builder":"on","_et_pb_old_content":"","_et_gb_content_width":"","footnotes":""},"class_list":["post-124","page","type-page","status-publish","hentry"],"_links":{"self":[{"href":"https:\/\/tornados.fi\/en\/wp-json\/wp\/v2\/pages\/124","targetHints":{"allow":["GET"]}}],"collection":[{"href":"https:\/\/tornados.fi\/en\/wp-json\/wp\/v2\/pages"}],"about":[{"href":"https:\/\/tornados.fi\/en\/wp-json\/wp\/v2\/types\/page"}],"author":[{"embeddable":true,"href":"https:\/\/tornados.fi\/en\/wp-json\/wp\/v2\/users\/2"}],"replies":[{"embeddable":true,"href":"https:\/\/tornados.fi\/en\/wp-json\/wp\/v2\/comments?post=124"}],"version-history":[{"count":16,"href":"https:\/\/tornados.fi\/en\/wp-json\/wp\/v2\/pages\/124\/revisions"}],"predecessor-version":[{"id":588,"href":"https:\/\/tornados.fi\/en\/wp-json\/wp\/v2\/pages\/124\/revisions\/588"}],"wp:attachment":[{"href":"https:\/\/tornados.fi\/en\/wp-json\/wp\/v2\/media?parent=124"}],"curies":[{"name":"wp","href":"https:\/\/api.w.org\/{rel}","templated":true}]}}